{"id":353,"date":"2025-06-03T15:02:28","date_gmt":"2025-06-03T15:02:28","guid":{"rendered":"https:\/\/castillotopografia.com\/index.php\/inici-espanol\/"},"modified":"2025-08-09T15:19:53","modified_gmt":"2025-08-09T15:19:53","slug":"servicios-topograficos-figueres","status":"publish","type":"page","link":"https:\/\/castillotopografia.com\/index.php\/es\/servicios-topograficos-figueres\/","title":{"rendered":"Inici &#8211; Espa\u00f1ol"},"content":{"rendered":"","protected":false},"excerpt":{"rendered":"","protected":false},"author":1,"featured_media":0,"parent":0,"menu_order":0,"comment_status":"closed","ping_status":"closed","template":"","meta":{"_joinchat":[],"footnotes":""},"class_list":["post-353","page","type-page","status-publish","hentry"],"yoast_head":"<!-- This site is optimized with the Yoast SEO plugin v25.6 - https:\/\/yoast.com\/wordpress\/plugins\/seo\/ -->\n<title>Servicios topogr\u00e1ficos Figueres | Luis Castillo<\/title>\n<meta name=\"description\" content=\"Servicios topogr\u00e1ficos Figueres con m\u00e1s de 20 a\u00f1os de experiencia. Profesionalidad y precisi\u00f3n en cada proyecto.\" \/>\n<meta name=\"robots\" content=\"index, follow, max-snippet:-1, max-image-preview:large, max-video-preview:-1\" \/>\n<link rel=\"canonical\" href=\"https:\/\/castillotopografia.com\/index.php\/es\/servicios-topograficos-figueres\/\" \/>\n<meta property=\"og:locale\" content=\"es_ES\" \/>\n<meta property=\"og:type\" content=\"article\" \/>\n<meta property=\"og:title\" content=\"Servicios topogr\u00e1ficos Figueres | Luis Castillo\" \/>\n<meta property=\"og:description\" content=\"Servicios topogr\u00e1ficos Figueres con m\u00e1s de 20 a\u00f1os de experiencia. Profesionalidad y precisi\u00f3n en cada proyecto.\" \/>\n<meta property=\"og:url\" content=\"https:\/\/castillotopografia.com\/index.php\/es\/servicios-topograficos-figueres\/\" \/>\n<meta property=\"og:site_name\" content=\"Servicios topogr\u00e1ficos en Figueres\" \/>\n<meta property=\"article:modified_time\" content=\"2025-08-09T15:19:53+00:00\" \/>\n<meta name=\"twitter:card\" content=\"summary_large_image\" \/>\n<script type=\"application\/ld+json\" class=\"yoast-schema-graph\">{\"@context\":\"https:\/\/schema.org\",\"@graph\":[{\"@type\":\"WebPage\",\"@id\":\"https:\/\/castillotopografia.com\/index.php\/es\/servicios-topograficos-figueres\/\",\"url\":\"https:\/\/castillotopografia.com\/index.php\/es\/servicios-topograficos-figueres\/\",\"name\":\"Servicios topogr\u00e1ficos Figueres | Luis Castillo\",\"isPartOf\":{\"@id\":\"https:\/\/castillotopografia.com\/#website\"},\"datePublished\":\"2025-06-03T15:02:28+00:00\",\"dateModified\":\"2025-08-09T15:19:53+00:00\",\"description\":\"Servicios topogr\u00e1ficos Figueres con m\u00e1s de 20 a\u00f1os de experiencia. Profesionalidad y precisi\u00f3n en cada proyecto.\",\"breadcrumb\":{\"@id\":\"https:\/\/castillotopografia.com\/index.php\/es\/servicios-topograficos-figueres\/#breadcrumb\"},\"inLanguage\":\"es\",\"potentialAction\":[{\"@type\":\"ReadAction\",\"target\":[\"https:\/\/castillotopografia.com\/index.php\/es\/servicios-topograficos-figueres\/\"]}]},{\"@type\":\"BreadcrumbList\",\"@id\":\"https:\/\/castillotopografia.com\/index.php\/es\/servicios-topograficos-figueres\/#breadcrumb\",\"itemListElement\":[{\"@type\":\"ListItem\",\"position\":1,\"name\":\"Portada\",\"item\":\"https:\/\/castillotopografia.com\/\"},{\"@type\":\"ListItem\",\"position\":2,\"name\":\"Inici &#8211; Espa\u00f1ol\"}]},{\"@type\":\"WebSite\",\"@id\":\"https:\/\/castillotopografia.com\/#website\",\"url\":\"https:\/\/castillotopografia.com\/\",\"name\":\"Servicios topogr\u00e1ficos en Figueres\",\"description\":\"El Top\u00f3grafo Llu\u00eds Castillo Viudez cuenta con m\u00e1s de 20 a\u00f1os de trayectoria ofreciendo la mejor calidad en servicios topogr\u00e1ficos en la localidad de Figueres.\",\"potentialAction\":[{\"@type\":\"SearchAction\",\"target\":{\"@type\":\"EntryPoint\",\"urlTemplate\":\"https:\/\/castillotopografia.com\/?s={search_term_string}\"},\"query-input\":{\"@type\":\"PropertyValueSpecification\",\"valueRequired\":true,\"valueName\":\"search_term_string\"}}],\"inLanguage\":\"es\"}]}<\/script>\n<!-- \/ Yoast SEO plugin. -->","yoast_head_json":{"title":"Servicios topogr\u00e1ficos Figueres | Luis Castillo","description":"Servicios topogr\u00e1ficos Figueres con m\u00e1s de 20 a\u00f1os de experiencia. Profesionalidad y precisi\u00f3n en cada proyecto.","robots":{"index":"index","follow":"follow","max-snippet":"max-snippet:-1","max-image-preview":"max-image-preview:large","max-video-preview":"max-video-preview:-1"},"canonical":"https:\/\/castillotopografia.com\/index.php\/es\/servicios-topograficos-figueres\/","og_locale":"es_ES","og_type":"article","og_title":"Servicios topogr\u00e1ficos Figueres | Luis Castillo","og_description":"Servicios topogr\u00e1ficos Figueres con m\u00e1s de 20 a\u00f1os de experiencia. Profesionalidad y precisi\u00f3n en cada proyecto.","og_url":"https:\/\/castillotopografia.com\/index.php\/es\/servicios-topograficos-figueres\/","og_site_name":"Servicios topogr\u00e1ficos en Figueres","article_modified_time":"2025-08-09T15:19:53+00:00","twitter_card":"summary_large_image","schema":{"@context":"https:\/\/schema.org","@graph":[{"@type":"WebPage","@id":"https:\/\/castillotopografia.com\/index.php\/es\/servicios-topograficos-figueres\/","url":"https:\/\/castillotopografia.com\/index.php\/es\/servicios-topograficos-figueres\/","name":"Servicios topogr\u00e1ficos Figueres | Luis Castillo","isPartOf":{"@id":"https:\/\/castillotopografia.com\/#website"},"datePublished":"2025-06-03T15:02:28+00:00","dateModified":"2025-08-09T15:19:53+00:00","description":"Servicios topogr\u00e1ficos Figueres con m\u00e1s de 20 a\u00f1os de experiencia. Profesionalidad y precisi\u00f3n en cada proyecto.","breadcrumb":{"@id":"https:\/\/castillotopografia.com\/index.php\/es\/servicios-topograficos-figueres\/#breadcrumb"},"inLanguage":"es","potentialAction":[{"@type":"ReadAction","target":["https:\/\/castillotopografia.com\/index.php\/es\/servicios-topograficos-figueres\/"]}]},{"@type":"BreadcrumbList","@id":"https:\/\/castillotopografia.com\/index.php\/es\/servicios-topograficos-figueres\/#breadcrumb","itemListElement":[{"@type":"ListItem","position":1,"name":"Portada","item":"https:\/\/castillotopografia.com\/"},{"@type":"ListItem","position":2,"name":"Inici &#8211; Espa\u00f1ol"}]},{"@type":"WebSite","@id":"https:\/\/castillotopografia.com\/#website","url":"https:\/\/castillotopografia.com\/","name":"Servicios topogr\u00e1ficos en Figueres","description":"El Top\u00f3grafo Llu\u00eds Castillo Viudez cuenta con m\u00e1s de 20 a\u00f1os de trayectoria ofreciendo la mejor calidad en servicios topogr\u00e1ficos en la localidad de Figueres.","potentialAction":[{"@type":"SearchAction","target":{"@type":"EntryPoint","urlTemplate":"https:\/\/castillotopografia.com\/?s={search_term_string}"},"query-input":{"@type":"PropertyValueSpecification","valueRequired":true,"valueName":"search_term_string"}}],"inLanguage":"es"}]}},"_links":{"self":[{"href":"https:\/\/castillotopografia.com\/index.php\/wp-json\/wp\/v2\/pages\/353","targetHints":{"allow":["GET"]}}],"collection":[{"href":"https:\/\/castillotopografia.com\/index.php\/wp-json\/wp\/v2\/pages"}],"about":[{"href":"https:\/\/castillotopografia.com\/index.php\/wp-json\/wp\/v2\/types\/page"}],"author":[{"embeddable":true,"href":"https:\/\/castillotopografia.com\/index.php\/wp-json\/wp\/v2\/users\/1"}],"replies":[{"embeddable":true,"href":"https:\/\/castillotopografia.com\/index.php\/wp-json\/wp\/v2\/comments?post=353"}],"version-history":[{"count":1,"href":"https:\/\/castillotopografia.com\/index.php\/wp-json\/wp\/v2\/pages\/353\/revisions"}],"predecessor-version":[{"id":719,"href":"https:\/\/castillotopografia.com\/index.php\/wp-json\/wp\/v2\/pages\/353\/revisions\/719"}],"wp:attachment":[{"href":"https:\/\/castillotopografia.com\/index.php\/wp-json\/wp\/v2\/media?parent=353"}],"curies":[{"name":"wp","href":"https:\/\/api.w.org\/{rel}","templated":true}]}}